{"id":100816,"date":"2019-01-28T12:48:23","date_gmt":"2019-01-28T10:48:23","guid":{"rendered":"https:\/\/catalog.rci-c.com\/item\/ms425-16\/"},"modified":"2020-09-01T21:09:45","modified_gmt":"2020-09-01T18:09:45","slug":"ms425-16-an","status":"publish","type":"product","link":"https:\/\/catalog.rci-c.com\/ru\/catalog\/setevoe-oborudovanye\/kommutatory\/ms425-16-an\/","title":{"rendered":"MS425-16"},"content":{"rendered":"<ul class=\"space-2\">\n<li>\u0418\u043d\u0442\u0435\u0440\u0444\u0435\u0439\u0441\u044b\n<ul>\n<li>16 \u00d7 10G SFP +<\/li>\n<li>2 \u00d7 40G QSFP +<\/li>\n<li>1 \u00d7 RJ45 \u043f\u043e\u0440\u0442 \u0443\u043f\u0440\u0430\u0432\u043b\u0435\u043d\u0438\u044f<\/li>\n<li>\u0410\u0432\u0442\u043e\u043c\u0430\u0442\u0438\u0447\u0435\u0441\u043a\u043e\u0435 \u0441\u043e\u0433\u043b\u0430\u0441\u043e\u0432\u0430\u043d\u0438\u0435 \u0438 \u043e\u043f\u0440\u0435\u0434\u0435\u043b\u0435\u043d\u0438\u0435 \u043a\u0440\u043e\u0441\u0441\u043e\u0432\u0435\u0440\u0430<\/li>\n<\/ul>\n<\/li>\n<li>\u0423\u043f\u0440\u0430\u0432\u043b\u0435\u043d\u0438\u0435\n<ul>\n<li>\u0423\u043f\u0440\u0430\u0432\u043b\u044f\u0435\u043c\u044b\u0439 \u0447\u0435\u0440\u0435\u0437 \u0418\u043d\u0442\u0435\u0440\u043d\u0435\u0442 \u0441 \u043f\u043b\u0430\u0442\u0444\u043e\u0440\u043c\u043e\u0439 Meraki \u0443\u043f\u0440\u0430\u0432\u043b\u0435\u043d\u0438\u044f \u043e\u0431\u043b\u0430\u043a\u043e\u043c<\/li>\n<li>\u0418\u043d\u0442\u0435\u0433\u0440\u0430\u0446\u0438\u044f \u0441 Meraki Wireless \u0438 \u043f\u043e\u043b\u043d\u044b\u0439 \u043f\u043e\u0440\u0442\u0444\u0435\u043b\u044c \u0418\u0422-\u043f\u0440\u043e\u0434\u0443\u043a\u0442\u043e\u0432 \u0438 \u0440\u0435\u0448\u0435\u043d\u0438\u0439<\/li>\n<li>\u041d\u0443\u043b\u0435\u0432\u0430\u044f \u043a\u0430\u0441\u0430\u043d\u0438\u0435 \u0434\u0438\u0441\u0442\u0430\u043d\u0446\u0438\u043e\u043d\u043d\u043e\u0433\u043e \u0440\u0435\u0437\u0435\u0440\u0432\u0438\u0440\u043e\u0432\u0430\u043d\u0438\u044f (\u0431\u0435\u0437 \u043f\u043e\u0441\u0442\u0430\u043d\u043e\u0432\u043a\u0438 \u0442\u0440\u0435\u0431\u0443\u0435\u0442\u0441\u044f)<\/li>\n<li>\u041f\u043e\u0434\u0440\u043e\u0431\u043d\u0430\u044f \u0438\u0441\u0442\u043e\u0440\u0438\u0447\u0435\u0441\u043a\u0430\u044f \u0432 \u043f\u043e\u0440\u0442 \u0438 \u043d\u0430-\u043a\u043b\u0438\u0435\u043d\u0442\u0430 \u0441\u0442\u0430\u0442\u0438\u0441\u0442\u0438\u043a\u0430 \u0438\u0441\u043f\u043e\u043b\u044c\u0437\u043e\u0432\u0430\u043d\u0438\u044f<\/li>\n<li>\u041e\u043f\u0435\u0440\u0430\u0446\u0438\u043e\u043d\u043d\u0430\u044f \u0441\u0438\u0441\u0442\u0435\u043c\u0430, \u0443\u0441\u0442\u0440\u043e\u0439\u0441\u0442\u0432\u043e, \u0438 \u0438\u043c\u044f \u0445\u043e\u0441\u0442\u0430 \u0434\u0430\u043a\u0442\u0438\u043b\u043e\u0441\u043a\u043e\u043f\u0438\u0438<\/li>\n<li>SNMP \u0438 \u043f\u043e\u0434\u0434\u0435\u0440\u0436\u043a\u0430 SYSLOG \u0434\u043b\u044f \u0438\u043d\u0442\u0435\u0433\u0440\u0430\u0446\u0438\u0438 \u0441 \u0434\u0440\u0443\u0433\u0438\u043c\u0438 \u0440\u0435\u0448\u0435\u043d\u0438\u044f\u043c\u0438 \u0434\u043b\u044f \u0443\u043f\u0440\u0430\u0432\u043b\u0435\u043d\u0438\u044f \u0441\u0435\u0442\u044f\u043c\u0438<\/li>\n<li>\u0410\u0432\u0442\u043e\u043c\u0430\u0442\u0438\u0447\u0435\u0441\u043a\u043e\u0435 \u043e\u0431\u043d\u043e\u0432\u043b\u0435\u043d\u0438\u0435 \u0432\u0441\u0442\u0440\u043e\u0435\u043d\u043d\u043e\u0433\u043e \u043f\u0440\u043e\u0433\u0440\u0430\u043c\u043c\u043d\u043e\u0433\u043e \u043e\u0431\u0435\u0441\u043f\u0435\u0447\u0435\u043d\u0438\u044f \u0441 \u0443\u043f\u0440\u0430\u0432\u043b\u0435\u043d\u0438\u0435\u043c \u043f\u043b\u0430\u043d\u0438\u0440\u043e\u0432\u0430\u043d\u0438\u044f<\/li>\n<\/ul>\n<\/li>\n<li>\u0423\u0434\u0430\u043b\u0435\u043d\u043d\u0430\u044f \u0434\u0438\u0430\u0433\u043d\u043e\u0441\u0442\u0438\u043a\u0430\n<ul>\n<li>\u044d\u043b\u0435\u043a\u0442\u0440\u043e\u043d\u043d\u0430\u044f \u043f\u043e\u0447\u0442\u0430, SMS \u0438 \u043c\u043e\u0431\u0438\u043b\u044c\u043d\u044b\u0439 \u0442\u043e\u043b\u0447\u043e\u043a \u0443\u0432\u0435\u0434\u043e\u043c\u043b\u0435\u043d\u0438\u0435 \u043e\u043f\u043e\u0432\u0435\u0449\u0435\u043d\u0438\u044f<\/li>\n<li>Ping, \u0442\u0440\u0430\u0441\u0441\u0438\u0440\u043e\u0432\u043a\u0430, \u043a\u0430\u0431\u0435\u043b\u044c \u0442\u0435\u0441\u0442\u0438\u0440\u043e\u0432\u0430\u043d\u0438\u0435 \u0438 \u043e\u0431\u043d\u0430\u0440\u0443\u0436\u0435\u043d\u0438\u0435 \u043d\u0435\u0438\u0441\u043f\u0440\u0430\u0432\u043d\u043e\u0441\u0442\u0438 \u043b\u0438\u043d\u0438\u0438 \u0441\u0432\u044f\u0437\u0438 \u0441 \u043e\u043f\u043e\u0432\u0435\u0449\u0435\u043d\u0438\u0435\u043c<\/li>\n<li>\u0437\u0430\u0445\u0432\u0430\u0442 \u0423\u0434\u0430\u043b\u0435\u043d\u043d\u044b\u0439 \u043f\u0430\u043a\u0435\u0442<\/li>\n<li>\u0414\u0438\u043d\u0430\u043c\u0438\u0447\u0435\u0441\u043a\u0438\u0435 \u0438 \u0438\u043d\u0442\u0435\u0440\u0430\u043a\u0442\u0438\u0432\u043d\u044b\u0435 \u043e\u0431\u043d\u0430\u0440\u0443\u0436\u0435\u043d\u0438\u0435 \u0441\u0435\u0442\u0438 \u0438 \u0442\u043e\u043f\u043e\u043b\u043e\u0433\u0438\u0438<\/li>\n<li>\u0412 \u0441\u043e\u0447\u0435\u0442\u0430\u043d\u0438\u0438 \u0441\u043e\u0431\u044b\u0442\u0438\u0439 \u0438 \u0438\u0437\u043c\u0435\u043d\u0435\u043d\u0438\u044f \u043a\u043e\u043d\u0444\u0438\u0433\u0443\u0440\u0430\u0446\u0438\u0438 \u0436\u0443\u0440\u043d\u0430\u043b\u044b \u0441 \u043c\u0433\u043d\u043e\u0432\u0435\u043d\u043d\u044b\u043c \u043f\u043e\u0438\u0441\u043a\u043e\u043c<\/li>\n<\/ul>\n<\/li>\n<li>Stacking\n<ul>\n<li>\u0424\u0438\u0437\u0438\u0447\u0435\u0441\u043a\u0430\u044f \u043e\u0431\u044a\u0435\u0434\u0438\u043d\u0435\u043d\u0438\u044f \u0432 \u0441\u0442\u0435\u043a \u0434\u043e 8 \u043a\u043e\u043c\u043c\u0443\u0442\u0430\u0442\u043e\u0440\u043e\u0432 \u0441 160 \u0413\u0431\u0438\u0442 \u0448\u0442\u0430\u0431\u0435\u043b\u0438\u0440\u043e\u0432\u0430\u043d\u0438\u044e BANDWIDTH \u043d\u0430 \u0432\u0441\u0435 \u043c\u043e\u0434\u0435\u043b\u0438<\/li>\n<li>Virtual Stacking \u043f\u043e\u0434\u0434\u0435\u0440\u0436\u0438\u0432\u0430\u0435\u0442 \u0442\u044b\u0441\u044f\u0447\u0438 \u043f\u043e\u0440\u0442\u043e\u0432 \u043a\u043e\u043c\u043c\u0443\u0442\u0430\u0442\u043e\u0440\u043e\u0432 \u0432 \u043e\u0434\u0438\u043d \u043b\u043e\u0433\u0438\u0447\u0435\u0441\u043a\u0438\u0439 \u0441\u0442\u0435\u043a \u0434\u043b\u044f \u0435\u0434\u0438\u043d\u043e\u0433\u043e \u0443\u043f\u0440\u0430\u0432\u043b\u0435\u043d\u0438\u044f, \u043c\u043e\u043d\u0438\u0442\u043e\u0440\u0438\u043d\u0433\u0430 \u0438 \u043a\u043e\u043d\u0444\u0438\u0433\u0443\u0440\u0430\u0446\u0438\u0438<\/li>\n<li>\u0413\u0438\u0431\u043a\u0430\u044f \u0443\u043a\u043b\u0430\u0434\u043a\u0430 \u043d\u0430 \u0432\u0441\u0435\u0445 \u0438\u043d\u0442\u0435\u0440\u0444\u0435\u0439\u0441\u0430\u0445 \u0438 SFP + \/QSFP + \u0430\u043a\u0441\u0435\u0441\u0441\u0443\u0430\u0440 \u0442\u0438\u043f\u043e\u0432, \u0434\u043e 8 \u043a\u043e\u043c\u043c\u0443\u0442\u0430\u0442\u043e\u0440\u043e\u0432<\/li>\n<\/ul>\n<\/li>\n<li>\u0412\u043e\u0437\u043c\u043e\u0436\u043d\u043e\u0441\u0442\u0438 Ethernet Switching\n<ul>\n<li>802.1p \u041a\u0430\u0447\u0435\u0441\u0442\u0432\u043e \u043e\u0431\u0441\u043b\u0443\u0436\u0438\u0432\u0430\u043d\u0438\u044f, 8 \u043e\u0447\u0435\u0440\u0435\u0434\u0435\u0439 (\u0412\u0442 \/6 \u043a\u043e\u043d\u0444\u0438\u0433\u0443\u0440\u0438\u0440\u0443\u0435\u0442\u0441\u044f \u0434\u043b\u044f \u043e\u0442\u043e\u0431\u0440\u0430\u0436\u0435\u043d\u0438\u044f DSCP-\u043a-CoS)<\/li>\n<li>802.1Q VLAN \u0438 \u0442\u0440\u0430\u043d\u043a\u0438\u043d\u0433\u043e\u0432\u043e\u0439 \u043f\u043e\u0434\u0434\u0435\u0440\u0436\u043a\u0430 \u0434\u043e 4094 \u0432\u0438\u0440\u0442\u0443\u0430\u043b\u044c\u043d\u044b\u0445 \u043b\u043e\u043a\u0430\u043b\u044c\u043d\u044b\u0445 \u0441\u0435\u0442\u0435\u0439<\/li>\n<li>802.1w, 802.1D Rapid Spanning Tree Protocol (RSTP, STP)<\/li>\n<li>STP \u0423\u043b\u0443\u0447\u0448\u0435\u043d\u0438\u044f:BPDU Guard, Root \u0411\u0435\u0440\u0435\u0433\u0438, \u0431\u0435\u0440\u0435\u0433\u0438 Loop, UDLD<\/li>\n<li>\u0443\u043f\u0440\u0430\u0432\u043b\u0435\u043d\u0438\u044f \u0448\u0438\u0440\u043e\u043a\u043e\u0432\u0435\u0449\u0430\u0442\u0435\u043b\u044c\u043d\u044b\u043c \u0448\u0442\u043e\u0440\u043c\u043e\u043c<\/li>\n<li>802.1ablink Layer Discovery Protocol (LLDP) \u0438 Cisco Discovery Protocol (CDP)<\/li>\n<li>802.3adlink \u0430\u0433\u0440\u0435\u0433\u0430\u0446\u0438\u044f \u0434\u043e 8 \u043f\u043e\u0440\u0442\u043e\u0432 \u043d\u0430 \u0430\u0433\u0440\u0435\u0433\u0430\u0442, \u0430\u0433\u0440\u0435\u0433\u0430\u0442\u044b \u043d\u0435\u0441\u043a\u043e\u043b\u044c\u043a\u043e \u0448\u0430\u0441\u0441\u0438 \u043f\u043e\u0434\u0434\u0435\u0440\u0436\u0438\u0432\u0430\u0435\u0442\u0441\u044f \u043d\u0430 \u0441\u043b\u043e\u0436\u0435\u043d\u043d\u044b\u0445 \u043a\u043e\u043c\u043c\u0443\u0442\u0430\u0442\u043e\u0440\u0430\u0445<\/li>\n<li>\u0417\u0435\u0440\u043a\u0430\u043b\u0438\u0440\u043e\u0432\u0430\u043d\u0438\u0435 \u043f\u043e\u0440\u0442\u043e\u0432<\/li>\n<li>IGMP Snooping \u0434\u043b\u044f \u0444\u0438\u043b\u044c\u0442\u0440\u0430\u0446\u0438\u0438 \u0448\u0438\u0440\u043e\u043a\u043e\u0432\u0435\u0449\u0430\u0442\u0435\u043b\u044c\u043d\u043e\u0433\u043e \u0442\u0440\u0430\u0444\u0438\u043a\u0430<\/li>\n<li>MAC Forwarding:228K<\/li>\n<\/ul>\n<\/li>\n<li>\u0411\u0435\u0437\u043e\u043f\u0430\u0441\u043d\u043e\u0441\u0442\u044c\n<ul>\n<li>\u0412\u0441\u0442\u0440\u043e\u0435\u043d\u043d\u044b\u0439 \u043c\u043d\u043e\u0433\u043e\u0444\u0430\u043a\u0442\u043e\u0440\u043d\u043e\u0439 \u0430\u0443\u0442\u0435\u043d\u0442\u0438\u0444\u0438\u043a\u0430\u0446\u0438\u0438 \u0434\u043b\u044f \u0443\u043f\u0440\u0430\u0432\u043b\u0435\u043d\u0438\u044f Dashboard<\/li>\n<li>\u043d\u0430 \u043e\u0441\u043d\u043e\u0432\u0435 \u0440\u043e\u043b\u0435\u0439 \u0443\u043f\u0440\u0430\u0432\u043b\u0435\u043d\u0438\u044f \u0434\u043e\u0441\u0442\u0443\u043f\u043e\u043c (RBAC), \u0441 \u0437\u0435\u0440\u043d\u0438\u0441\u0442\u044b\u043c \u0443\u0441\u0442\u0440\u043e\u0439\u0441\u0442\u0432\u043e\u043c \u0438 \u0443\u043f\u0440\u0430\u0432\u043b\u0435\u043d\u0438\u044f \u043a\u043e\u043d\u0444\u0438\u0433\u0443\u0440\u0430\u0446\u0438\u0435\u0439<\/li>\n<li>\u041a\u043e\u0440\u043f\u043e\u0440\u0430\u0442\u0438\u0432\u043d\u043e\u0433\u043e \u0448\u0438\u0440\u043e\u043a\u043e\u0435 \u043f\u0440\u0438\u043c\u0435\u043d\u0435\u043d\u0438\u0435 \u043f\u043e\u043b\u0438\u0442\u0438\u043a \u043f\u0430\u0440\u043e\u043b\u0435\u0439<\/li>\n<li>IEEE 802.1X RADIUS \u0438 \u041c\u0410\u0412, \u0433\u0438\u0431\u0440\u0438\u0434\u043d\u0430\u044f \u0430\u0443\u0442\u0435\u043d\u0442\u0438\u0444\u0438\u043a\u0430\u0446\u0438\u044f \u0438 \u0442\u0435\u0441\u0442\u0438\u0440\u043e\u0432\u0430\u043d\u0438\u0435 \u0441\u0435\u0440\u0432\u0435\u0440\u0430 RADIUS<\/li>\n<li>\u041e\u0434\u0438\u043d-\u0445\u043e\u0441\u0442 \/Multi-\u0434\u043e\u043c\u0435\u043d \/\u041c\u0443\u043b\u044c\u0442\u0438-\u0445\u043e\u0441\u0442 \/Multi \u0430\u0443\u0442\u0435\u043d\u0442\u0438\u0444\u0438\u043a\u0430\u0446\u0438\u0438<\/li>\n<li>\u0411\u0435\u0437\u043e\u043f\u0430\u0441\u043d\u043e\u0441\u0442\u044c \u043f\u043e\u0440\u0442\u043e\u0432:Sticky MAC, MAC \u0431\u0435\u043b\u044b\u0439 \u0441\u043f\u0438\u0441\u043e\u043a<\/li>\n<li>DHCP Snooping, \u043e\u0431\u043d\u0430\u0440\u0443\u0436\u0435\u043d\u0438\u0435 \u0438 \u0431\u043b\u043e\u043a\u0438\u0440\u043e\u0432\u0430\u043d\u0438\u0435, Dynamic ARP Inspection<\/li>\n<li>IPv4 \u0438 IPv6 ACL-\u0441\u043f\u0438\u0441\u043a\u0438<\/li>\n<\/ul>\n<\/li>\n<\/ul>\n<ul class=\"space-2\">\n<li>Performance\n<ul>\n<li>\u041d\u0435\u0431\u043b\u043e\u043a\u0438\u0440\u0443\u044e\u0449\u0430\u044f \u0442\u043a\u0430\u043d\u044c<\/li>\n<li>\u041a\u043e\u043c\u043c\u0443\u0442\u0430\u0446\u0438\u043e\u043d\u043d\u0430\u044f \u0441\u043f\u043e\u0441\u043e\u0431\u043d\u043e\u0441\u0442\u044c:480 \u0413\u0431\u0438\u0442<\/li>\n<li>1.2 \u043c\u0438\u043a\u0440\u043e\u0441\u0435\u043a\u0443\u043d\u0434\u044b \u0437\u0430\u0434\u0435\u0440\u0436\u043a\u0438<\/li>\n<li>\u0414\u0436\u0430\u043c\u0431\u043e \u043e\u043f\u043e\u0440\u043d\u0430\u044f \u0440\u0430\u043c\u0430 (9578 Ethernet \u043a\u0430\u0434\u0440\u0430)<\/li>\n<\/ul>\n<\/li>\n<li>3-\u0433\u043e \u0443\u0440\u043e\u0432\u043d\u044f\n<ul>\n<li>\u0421\u0442\u0430\u0442\u0438\u0447\u0435\u0441\u043a\u0430\u044f \u043c\u0430\u0440\u0448\u0440\u0443\u0442\u0438\u0437\u0430\u0446\u0438\u044f, OSFPv2<\/li>\n<li>\u043c\u043d\u043e\u0433\u043e\u0430\u0434\u0440\u0435\u0441\u043d\u043e\u0439 \u043c\u0430\u0440\u0448\u0440\u0443\u0442\u0438\u0437\u0430\u0446\u0438\u044f<\/li>\n<li>\u0422\u0435\u043f\u043b\u044b\u0439 \u0437\u0430\u043f\u0430\u0441\u043d\u043e\u0439 (VRRP)<\/li>\n<li>DHCP Relay, DHCP-\u0441\u0435\u0440\u0432\u0435\u0440<\/li>\n<\/ul>\n<\/li>\n<li>\u041f\u0438\u0442\u0430\u043d\u0438\u0435\n<ul>\n<li>\u041f\u043e\u0442\u0440\u0435\u0431\u043b\u044f\u0435\u043c\u0430\u044f \u043c\u043e\u0449\u043d\u043e\u0441\u0442\u044c:100-240 \u0412, 47-63 \u0413\u0446<\/li>\n<li>\u041f\u043e\u0442\u0440\u0435\u0431\u043b\u044f\u0435\u043c\u0430\u044f \u043c\u043e\u0449\u043d\u043e\u0441\u0442\u044c:50-85 \u0412\u0442<\/li>\n<\/ul>\n<\/li>\n<li>\u041c\u043e\u043d\u0442\u0430\u0436\u043d\u043e\u0435\n<ul>\n<li>\u0412 \u0441\u0442\u043e\u0439\u043a\u0435 \u0441 \u043f\u0440\u0438\u043b\u0435\u0436\u0430\u0449\u0435\u0439 \u0434\u043b\u044f \u043c\u043e\u043d\u0442\u0430\u0436\u0430 \u0432 \u0441\u0442\u043e\u0439\u043a\u0435 \u0430\u043f\u043f\u0430\u0440\u0430\u0442\u043d\u043e\u0433\u043e \u043e\u0431\u0435\u0441\u043f\u0435\u0447\u0435\u043d\u0438\u044f<\/li>\n<li>\u041f\u0435\u0440\u0435\u0434\u043d\u0438\u0439 \u043a \u0441\u043f\u0438\u043d\u0435 \u0432\u043e\u0437\u0434\u0443\u0445\u0430<\/li>\n<\/ul>\n<\/li>\n<li>\u041e\u043a\u0440\u0443\u0436\u0430\u044e\u0449\u0430\u044f \u0441\u0440\u0435\u0434\u0430\n<ul>\n<li>\u0420\u0430\u0431\u043e\u0447\u0430\u044f \u0442\u0435\u043c\u043f\u0435\u0440\u0430\u0442\u0443\u0440\u0430:\u043e\u0442 0\u00b0C \u0434\u043e 40\u00b0C<\/li>\n<li>\u0412\u043b\u0430\u0436\u043d\u043e\u0441\u0442\u044c:\u043e\u0442 5 \u0434\u043e 95% \u0431\u0435\u0437 \u043a\u043e\u043d\u0434\u0435\u043d\u0441\u0430\u0446\u0438\u0438<\/li>\n<\/ul>\n<\/li>\n<li>\u041d\u043e\u0440\u043c\u0430\u0442\u0438\u0432\u043d\u0430\u044f\n<ul>\n<li>CSA (\u0421\u0428\u0410)<\/li>\n<li>IC (\u041a\u0430\u043d\u0430\u0434\u0430)<\/li>\n<li>CE (\u0415\u0432\u0440\u043e\u043f\u0430)<\/li>\n<li>C-Tick (\u0410\u0432\u0441\u0442\u0440\u0430\u043b\u0438\u044f \/\u041d\u043e\u0432\u0430\u044f \u0417\u0435\u043b\u0430\u043d\u0434\u0438\u044f)<\/li>\n<li>RoHS<\/li>\n<\/ul>\n<\/li>\n<li>\u0413\u0430\u0440\u0430\u043d\u0442\u0438\u044f\n<ul>\n<li>\u041f\u043e\u043b\u043d\u044b\u0439 \u0441\u0440\u043e\u043a \u0441\u043b\u0443\u0436\u0431\u044b \u0433\u0430\u0440\u0430\u043d\u0442\u0438\u044f \u043d\u0430 \u0430\u043f\u043f\u0430\u0440\u0430\u0442\u043d\u0443\u044e \u0447\u0430\u0441\u0442\u044c \u0441 \u0432\u043e\u0437\u043c\u043e\u0436\u043d\u043e\u0441\u0442\u044c\u044e \u0437\u0430\u043c\u0435\u043d\u044b \u0432\u043a\u043b\u044e\u0447\u0435\u043d\u044b<\/li>\n<\/ul>\n<\/li>\n<li>\u043d\u0430\u0440\u0430\u0431\u043e\u0442\u043a\u0430 \u043d\u0430 \u043e\u0442\u043a\u0430\u0437 \u0420\u0435\u0439\u0442\u0438\u043d\u0433 (\u043f\u0440\u0438 25\u00b0C)\n<ul>\n<li>MS425-16-HW:284423<\/li>\n<\/ul>\n<\/li>\n<li>\u0424\u0438\u0437\u0438\u0447\u0435\u0441\u043a\u0438\u0435 \u0445\u0430\u0440\u0430\u043a\u0442\u0435\u0440\u0438\u0441\u0442\u0438\u043a\u0438 (\u0412 \u00d7 \u0428 \u00d7 \u0413)\n<ul>\n<li>MS425-16-HW\n<ul>\n<li>1,72 &#8220;\u00d7 19.07&#8221; \u00d7 20.67 \u00ab(4,42 \u00d7 48,44 \u00d7 48.69cm)<\/li>\n<li>13,7 \u0444\u0443\u043d\u0442\u0430 (6,2 \u043a\u0433)<\/li>\n<\/ul>\n<\/li>\n<\/ul>\n<\/li>\n<\/ul>\n","protected":false},"excerpt":{"rendered":"<p>\u0418\u043d\u0442\u0435\u0440\u0444\u0435\u0439\u0441\u044b 16 \u00d7 10G SFP + 2 \u00d7 40G QSFP + 1 \u00d7 RJ45 \u043f\u043e\u0440\u0442 \u0443\u043f\u0440\u0430\u0432\u043b\u0435\u043d\u0438\u044f \u0410\u0432\u0442\u043e\u043c\u0430\u0442\u0438\u0447\u0435\u0441\u043a\u043e\u0435 \u0441\u043e\u0433\u043b\u0430\u0441\u043e\u0432\u0430\u043d\u0438\u0435 \u0438 \u043e\u043f\u0440\u0435\u0434\u0435\u043b\u0435\u043d\u0438\u0435 \u043a\u0440\u043e\u0441\u0441\u043e\u0432\u0435\u0440\u0430 &#8230;<\/p>\n","protected":false},"featured_media":97937,"template":"","meta":[],"product_cat":[267,266],"product_tag":[],"_links":{"self":[{"href":"https:\/\/catalog.rci-c.com\/ru\/wp-json\/wp\/v2\/product\/100816\/"}],"collection":[{"href":"https:\/\/catalog.rci-c.com\/ru\/wp-json\/wp\/v2\/product\/"}],"about":[{"href":"https:\/\/catalog.rci-c.com\/ru\/wp-json\/wp\/v2\/types\/product\/"}],"wp:featuredmedia":[{"embeddable":true,"href":"https:\/\/catalog.rci-c.com\/ru\/wp-json\/wp\/v2\/media\/97937\/"}],"wp:attachment":[{"href":"https:\/\/catalog.rci-c.com\/ru\/wp-json\/wp\/v2\/media\/?parent=100816"}],"wp:term":[{"taxonomy":"product_cat","embeddable":true,"href":"https:\/\/catalog.rci-c.com\/ru\/wp-json\/wp\/v2\/product_cat\/?post=100816"},{"taxonomy":"product_tag","embeddable":true,"href":"https:\/\/catalog.rci-c.com\/ru\/wp-json\/wp\/v2\/product_tag\/?post=100816"}],"curies":[{"name":"wp","href":"https:\/\/api.w.org\/{rel}","templated":true}]}}